{"id":8514,"date":"2022-09-13T16:21:14","date_gmt":"2022-09-13T16:21:14","guid":{"rendered":"https:\/\/tgm-lda.pt\/edificio5?page_id=8514"},"modified":"2022-09-13T16:22:39","modified_gmt":"2022-09-13T16:22:39","slug":"resolucao-de-litigios-de-consumo","status":"publish","type":"page","link":"https:\/\/tgm-lda.pt\/edificio5\/resolucao-de-litigios-de-consumo\/","title":{"rendered":"Resolu\u00e7\u00e3o de Lit\u00edgios de Consumo"},"content":{"rendered":"\t\t<div data-elementor-type=\"wp-page\" data-elementor-id=\"8514\" class=\"elementor elementor-8514\">\n\t\t\t\t\t\t\t\t\t<section class=\"elementor-section elementor-top-section elementor-element elementor-element-1dedbb6 elementor-section-content-middle elementor-section-stretched elementor-section-boxed elementor-section-height-default elementor-section-height-default\" data-id=\"1dedbb6\" data-element_type=\"section\" data-settings=\"{&quot;stretch_section&quot;:&quot;section-stretched&quot;,&quot;background_background&quot;:&quot;classic&quot;}\">\n\t\t\t\t\t\t<div class=\"elementor-container elementor-column-gap-default\">\n\t\t\t\t\t<div class=\"elementor-column elementor-col-100 elementor-top-column elementor-element elementor-element-38ea463\" data-id=\"38ea463\" data-element_type=\"column\">\n\t\t\t<div class=\"elementor-widget-wrap elementor-element-populated\">\n\t\t\t\t\t\t\t\t<div class=\"elementor-element elementor-element-8e0360d elementor-widget elementor-widget-rs-heading\" data-id=\"8e0360d\" data-element_type=\"widget\" data-widget_type=\"rs-heading.default\">\n\t\t\t\t<div class=\"elementor-widget-container\">\n\t\t\t\n        <div class=\"prelements-heading style16 animate-style1 left\">\n        \t<div class=\"title-inner\">        \t\t      \t\t\n\t            <h2 class=\"title\"><span class=\"watermark\"><\/span>Resolu\u00e7\u00e3o de Lit\u00edgios de Consumo<\/h2>\t\t\t\t\t\t\t\t\t<div class=\"pre-heading-line1\"><\/div>\n\t\t\t\t\n\t\t\t\t\t        <\/div>\n\t                <\/div>\n        \t\t<\/div>\n\t\t\t\t<\/div>\n\t\t\t\t<div class=\"elementor-element elementor-element-bb8ee0d elementor-widget elementor-widget-text-editor\" data-id=\"bb8ee0d\" data-element_type=\"widget\" data-widget_type=\"text-editor.default\">\n\t\t\t\t<div class=\"elementor-widget-container\">\n\t\t\t<style>\/*! elementor - v3.7.5 - 14-09-2022 *\/\n.elementor-widget-text-editor.elementor-drop-cap-view-stacked .elementor-drop-cap{background-color:#818a91;color:#fff}.elementor-widget-text-editor.elementor-drop-cap-view-framed .elementor-drop-cap{color:#818a91;border:3px solid;background-color:transparent}.elementor-widget-text-editor:not(.elementor-drop-cap-view-default) .elementor-drop-cap{margin-top:8px}.elementor-widget-text-editor:not(.elementor-drop-cap-view-default) .elementor-drop-cap-letter{width:1em;height:1em}.elementor-widget-text-editor .elementor-drop-cap{float:left;text-align:center;line-height:1;font-size:50px}.elementor-widget-text-editor .elementor-drop-cap-letter{display:inline-block}<\/style>\t\t\t\t<p>O Consumidor pode, por sua op\u00e7\u00e3o expressa, submeter a resolu\u00e7\u00e3o de lit\u00edgios \u00e0 aprecia\u00e7\u00e3o de um centro de arbitragem de conflitos de consumo.<\/p><p>Em cumprimento do artigo 18.\u00ba da Lei n.\u00ba 144\/2015, de 8 de setembro, informa-se que as entidades de Resolu\u00e7\u00e3o Alternativa de Lit\u00edgios de Consumo s\u00e3o aquelas que constam da seguinte lista:<\/p><p>Centro de Arbitragem de Conflitos de Consumo de Lisboa (CACCL)<br \/>Rua dos Douradores, n.\u00ba 116, 2.\u00ba andar<br \/>1100-207 Lisboa<br \/>+351 218 807 030<br \/>www.centroarbitragemlisboa.pt<\/p><p>Centro Nacional de Informa\u00e7\u00e3o e Arbitragem de Conflitos de Consumo (CNIACC)<br \/>Faculdade de Direito \u2013 Universidade Nova de Lisboa<br \/>Campus de Campolide<br \/>1099-032 Lisboa<br \/>+351 213 847 484<br \/>www.arbitragemdeconsumo.org<\/p><p>Centro de Informa\u00e7\u00e3o de Consumo e Arbitragem do Porto (CICAP)<br \/>Rua Dami\u00e3o de G\u00f3is, n.\u00ba 31, Loja 6<br \/>4050-225 Porto<br \/>+351 225 508 349<br \/>www.cicap.pt<\/p><p>Centro de Informa\u00e7\u00e3o, Media\u00e7\u00e3o e Arbitragem de Conflitos de Consumo do Algarve (CIMAAL)<br \/>Edif\u00edcio Ninho de Empresas<br \/>Estrada da Penha<br \/>8005-131 Faro<br \/>+351 289 823 135<br \/>www.consumidoronline.pt<\/p><p>Centro de Arbitragem de Conflitos de Consumo do Distrito de Coimbra (CACCDC)<br \/>Av. Fern\u00e3o Magalh\u00e3es, n.\u00ba 240, 1.\u00ba andar<br \/>3000-172 Coimbra<br \/>+351 239 821 690<br \/>www.centrodearbitragemdecoimbra.com<\/p><p>Centro de Arbitragem de Conflitos de Consumo da Madeira (CACCRAM)<br \/>Rua Direita, n.\u00ba 27, 1.\u00ba andar<br \/>9050-405 Funchal<br \/>+351 291 215 070<br \/>www.srrh.gov-madeira.pt\/In%C3%ADcio\/tabid\/292\/Default.aspx<\/p><p>Centro de Arbitragem de Conflitos de Consumo do Vale do Ave\/Tribunal Arbitral (CACCVA)<br \/>Rua Capit\u00e3o Alfredo Guimar\u00e3es, n.\u00ba 1<br \/>4800-019 Guimar\u00e3es<br \/>+351 253 422 410<br \/>www.triave.pt<\/p><p>Centro de Informa\u00e7\u00e3o, Media\u00e7\u00e3o e Arbitragem de Consumo (Tribunal Arbitral de Consumo) (CIAB)<br \/>Rua D. Afonso Henriques, n.\u00ba 1 (Ed. Junta de Freguesia da S\u00e9)<br \/>4700-030 Braga<br \/>+351 253 617 604<\/p><p>Av. Rocha Paris, n.\u00ba 103 (Edif\u00edcio Vila Rosa)<br \/>4900-394 Viana do Castelo<br \/>+351 258 809 335<br \/>www.ciab.pt<\/p><p>Centro de Arbitragem da Universidade Aut\u00f3noma de Lisboa (CAUAL)<br \/>Rua de Santa Marta n\u00ba. 56 \u2013 1\u00ba<br \/>1169-023 Lisboa<br \/>+351 213 177 603<br \/>http:\/\/arbitragem.autonoma.pt\/home.asp<\/p><p>No que concerne a lit\u00edgios decorrentes do fornecimento de bens ou presta\u00e7\u00e3o de servi\u00e7os atrav\u00e9s do website 100 Livros, ou de qualquer outro meio eletr\u00f3nico, o consumidor poder\u00e1, ainda, recorrer \u00e0 Plataforma Europeia de Resolu\u00e7\u00e3o de Lit\u00edgios em Linha, dispon\u00edvel em https:\/\/webgate.ec.europa.eu\/eproposalWeb\/<\/p><p>Dados retirados da lista de entidades de Resolu\u00e7\u00e3o Alternativa de Lit\u00edgios de Consumo constante do s\u00edtio da Dire\u00e7\u00e3o-Geral do Consumidor em fevereiro de 2017. Em www.consumidor.pt pode consultar a lista atualizada.<\/p>\t\t\t\t\t\t<\/div>\n\t\t\t\t<\/div>\n\t\t\t\t\t<\/div>\n\t\t<\/div>\n\t\t\t\t\t\t\t<\/div>\n\t\t<\/section>\n\t\t\t\t<footer class=\"elementor-section elementor-top-section elementor-element elementor-element-c23cb1b elementor-section-full_width elementor-section-stretched elementor-section-height-default elementor-section-height-default\" data-id=\"c23cb1b\" data-element_type=\"section\" data-settings=\"{&quot;stretch_section&quot;:&quot;section-stretched&quot;,&quot;background_background&quot;:&quot;classic&quot;}\">\n\t\t\t\t\t\t<div class=\"elementor-container elementor-column-gap-default\">\n\t\t\t\t\t<div class=\"elementor-column elementor-col-100 elementor-top-column elementor-element elementor-element-82d5ec7\" data-id=\"82d5ec7\" data-element_type=\"column\">\n\t\t\t<div class=\"elementor-widget-wrap elementor-element-populated\">\n\t\t\t\t\t\t\t\t<section class=\"elementor-section elementor-inner-section elementor-element elementor-element-ab54369 elementor-section-boxed elementor-section-height-default elementor-section-height-default\" data-id=\"ab54369\" data-element_type=\"section\">\n\t\t\t\t\t\t<div class=\"elementor-container elementor-column-gap-default\">\n\t\t\t\t\t<div class=\"elementor-column elementor-col-50 elementor-inner-column elementor-element elementor-element-50e26b7\" data-id=\"50e26b7\" data-element_type=\"column\">\n\t\t\t<div class=\"elementor-widget-wrap elementor-element-populated\">\n\t\t\t\t\t\t\t\t<div class=\"elementor-element elementor-element-0e32531 elementor-widget elementor-widget-heading\" data-id=\"0e32531\" data-element_type=\"widget\" data-widget_type=\"heading.default\">\n\t\t\t\t<div class=\"elementor-widget-container\">\n\t\t\t<style>\/*! elementor - v3.7.5 - 14-09-2022 *\/\n.elementor-heading-title{padding:0;margin:0;line-height:1}.elementor-widget-heading .elementor-heading-title[class*=elementor-size-]>a{color:inherit;font-size:inherit;line-height:inherit}.elementor-widget-heading .elementor-heading-title.elementor-size-small{font-size:15px}.elementor-widget-heading .elementor-heading-title.elementor-size-medium{font-size:19px}.elementor-widget-heading .elementor-heading-title.elementor-size-large{font-size:29px}.elementor-widget-heading .elementor-heading-title.elementor-size-xl{font-size:39px}.elementor-widget-heading .elementor-heading-title.elementor-size-xxl{font-size:59px}<\/style><h2 class=\"elementor-heading-title elementor-size-default\">Procura a casa dos seus sonhos?<\/h2>\t\t<\/div>\n\t\t\t\t<\/div>\n\t\t\t\t<div class=\"elementor-element elementor-element-6896c9e elementor-widget elementor-widget-heading\" data-id=\"6896c9e\" data-element_type=\"widget\" data-widget_type=\"heading.default\">\n\t\t\t\t<div class=\"elementor-widget-container\">\n\t\t\t<p class=\"elementor-heading-title elementor-size-default\">Conhe\u00e7a melhor todas as nossas solu\u00e7\u00f5es<\/p>\t\t<\/div>\n\t\t\t\t<\/div>\n\t\t\t\t\t<\/div>\n\t\t<\/div>\n\t\t\t\t<div class=\"elementor-column elementor-col-50 elementor-inner-column elementor-element elementor-element-d83a0ce\" data-id=\"d83a0ce\" data-element_type=\"column\">\n\t\t\t<div class=\"elementor-widget-wrap elementor-element-populated\">\n\t\t\t\t\t\t\t\t<div class=\"elementor-element elementor-element-fe5f9d6 elementor-align-right elementor-widget elementor-widget-button\" data-id=\"fe5f9d6\" data-element_type=\"widget\" data-widget_type=\"button.default\">\n\t\t\t\t<div class=\"elementor-widget-container\">\n\t\t\t\t\t<div class=\"elementor-button-wrapper\">\n\t\t\t<a href=\"https:\/\/tgm-lda.pt\/edificio5site\" class=\"elementor-button-link elementor-button elementor-size-lg\" role=\"button\">\n\t\t\t\t\t\t<span class=\"elementor-button-content-wrapper\">\n\t\t\t\t\t\t\t<span class=\"elementor-button-icon elementor-align-icon-right\">\n\t\t\t\t<i aria-hidden=\"true\" class=\"fas fa-long-arrow-alt-right\"><\/i>\t\t\t<\/span>\n\t\t\t\t\t\t<span class=\"elementor-button-text\">Ver Outras Propriedades<\/span>\n\t\t<\/span>\n\t\t\t\t\t<\/a>\n\t\t<\/div>\n\t\t\t\t<\/div>\n\t\t\t\t<\/div>\n\t\t\t\t\t<\/div>\n\t\t<\/div>\n\t\t\t\t\t\t\t<\/div>\n\t\t<\/section>\n\t\t\t\t\t<\/div>\n\t\t<\/div>\n\t\t\t\t\t\t\t<\/div>\n\t\t<\/footer>\n\t\t\t\t\t\t\t<\/div>\n\t\t","protected":false},"excerpt":{"rendered":"<p>Resolu\u00e7\u00e3o de Lit\u00edgios de Consumo O Consumidor pode, por sua op\u00e7\u00e3o expressa, submeter a resolu\u00e7\u00e3o de lit\u00edgios \u00e0 aprecia\u00e7\u00e3o de um centro de arbitragem de conflitos de consumo. Em cumprimento do artigo 18.\u00ba da Lei n.\u00ba 144\/2015, de 8 de setembro, informa-se que as entidades de Resolu\u00e7\u00e3o Alternativa de Lit\u00edgios de Consumo s\u00e3o aquelas que&#8230;<\/p>\n","protected":false},"author":1,"featured_media":0,"parent":0,"menu_order":0,"comment_status":"closed","ping_status":"closed","template":"","meta":{"footnotes":""},"class_list":["post-8514","page","type-page","status-publish","hentry"],"_links":{"self":[{"href":"https:\/\/tgm-lda.pt\/edificio5\/wp-json\/wp\/v2\/pages\/8514","targetHints":{"allow":["GET"]}}],"collection":[{"href":"https:\/\/tgm-lda.pt\/edificio5\/wp-json\/wp\/v2\/pages"}],"about":[{"href":"https:\/\/tgm-lda.pt\/edificio5\/wp-json\/wp\/v2\/types\/page"}],"author":[{"embeddable":true,"href":"https:\/\/tgm-lda.pt\/edificio5\/wp-json\/wp\/v2\/users\/1"}],"replies":[{"embeddable":true,"href":"https:\/\/tgm-lda.pt\/edificio5\/wp-json\/wp\/v2\/comments?post=8514"}],"version-history":[{"count":4,"href":"https:\/\/tgm-lda.pt\/edificio5\/wp-json\/wp\/v2\/pages\/8514\/revisions"}],"predecessor-version":[{"id":8518,"href":"https:\/\/tgm-lda.pt\/edificio5\/wp-json\/wp\/v2\/pages\/8514\/revisions\/8518"}],"wp:attachment":[{"href":"https:\/\/tgm-lda.pt\/edificio5\/wp-json\/wp\/v2\/media?parent=8514"}],"curies":[{"name":"wp","href":"https:\/\/api.w.org\/{rel}","templated":true}]}}